{"id":8,"date":"2022-09-27T18:41:58","date_gmt":"2022-09-27T18:41:58","guid":{"rendered":"https:\/\/www.32cardgames.com\/?page_id=8"},"modified":"2022-10-20T10:32:49","modified_gmt":"2022-10-20T10:32:49","slug":"accueil","status":"publish","type":"page","link":"https:\/\/www.32cardgames.com\/es\/","title":{"rendered":"Accueil"},"content":{"rendered":"<div class=\"gb-container gb-container-18a01dc1\"><div class=\"gb-inside-container\">\n<div class=\"gb-container gb-container-404bfdef\"><div class=\"gb-inside-container\">\n\n<h2 class=\"gb-headline gb-headline-05365f72 gb-headline-text\">Ven y enfr\u00e9ntate a cientos de<\/h2>\n\n\n\n<h2 class=\"gb-headline gb-headline-f021d0e7 gb-headline-text\"><strong>ADVERSAIRES<\/strong> <strong>EN SU <mark class=\"gb-highlight\">JUEGOS FAVORITOS<\/mark> !<\/strong><\/h2>\n\n\n\n<p class=\"gb-headline gb-headline-5a5524f7 gb-headline-text\">La inscripci\u00f3n est\u00e1 a s\u00f3lo unos clics.<\/p>\n\n\n<div class=\"gb-button-wrapper gb-button-wrapper-745a43f0\">\n\n<a class=\"gb-button gb-button-8316a6fb gb-button-text\" href=\"#jeux\">Descubra nuestros juegos<\/a>\n\n<\/div>\n<\/div><\/div>\n<\/div><\/div>\n\n<div class=\"gb-container gb-container-f5d7635f\"><div class=\"gb-inside-container\">\n<div class=\"gb-container gb-container-9c323e47\"><div class=\"gb-inside-container\">\n\n<h5 class=\"gb-headline gb-headline-84d7d5eb gb-headline-text\">La revoluci\u00f3n<\/h5>\n\n\n\n<h2 class=\"gb-headline gb-headline-7999f772 gb-headline-text\">32 juegos de cartas<\/h2>\n\n\n\n<h2 class=\"gb-headline gb-headline-8779dfe4\"><span class=\"gb-icon\"><svg viewbox=\"0 0 36.7 3\" xmlns=\"http:\/\/www.w3.org\/2000\/svg\"><path d=\"M0 0h36.7v3H0z\"><\/path><\/svg><\/span><\/h2>\n\n\n<div class=\"gb-grid-wrapper gb-grid-wrapper-55eb66ba\">\n<div class=\"gb-grid-column gb-grid-column-d827892f\"><div class=\"gb-container gb-container-d827892f\"><div class=\"gb-inside-container\">\n\n<h4 class=\"gb-headline gb-headline-c5e0aa13\"><span class=\"gb-icon\"><svg data-name=\"Layer 1\" xmlns=\"http:\/\/www.w3.org\/2000\/svg\" viewbox=\"0 0 128 128\"><path d=\"M116.681 26.982a1.748 1.748 0 00-1.3-1.22l-10.725-2.423-2.423-10.725a1.749 1.749 0 00-2.944-.851L86.954 24.1A49.908 49.908 0 10103.9 41.046l12.34-12.34a1.751 1.751 0 00.441-1.724zm-9.106 39.855A46.406 46.406 0 1184.4 26.658l-5.665 5.665a1.736 1.736 0 00-.135.175 38.564 38.564 0 1016.894 16.917 1.726 1.726 0 00.183-.149l5.665-5.665a46.25 46.25 0 016.233 23.236zM91.341 49.123a34.963 34.963 0 11-12.467-12.479l1.843 8.164-1.768 1.768a27.028 27.028 0 102.475 2.475l1.768-1.768zM68.688 66.837a7.553 7.553 0 11-3.595-6.405L59.925 65.6a1.75 1.75 0 102.475 2.474l5.168-5.168a7.467 7.467 0 011.12 3.931zm-1.076-8.924a11.07 11.07 0 102.474 2.475l8.858-8.858a23.511 23.511 0 11-2.474-2.475zm32.844-18.376l-6.568 6.567-.985-.222-.038-.009L84.1 43.9l-2.209-9.783 17.632-17.635 1.967 8.706a1.751 1.751 0 001.322 1.322l8.706 1.967z\"><\/path><\/svg><\/span><span class=\"gb-headline-text\">misiones<\/span><\/h4>\n\n<\/div><\/div><\/div>\n\n<div class=\"gb-grid-column gb-grid-column-69e72471\"><div class=\"gb-container gb-container-69e72471\"><div class=\"gb-inside-container\">\n\n<p class=\"gb-headline gb-headline-a1904f02 gb-headline-text\">Consigue que jugadores de todo el mundo jueguen juntos, sin l\u00edmites de fronteras ni de edad, gracias a los juegos nacionales e internacionales traducidos a muchos idiomas.<\/p>\n\n<\/div><\/div><\/div>\n\n<div class=\"gb-grid-column gb-grid-column-4348e41f\"><div class=\"gb-container gb-container-4348e41f\"><div class=\"gb-inside-container\">\n\n<h4 class=\"gb-headline gb-headline-2b839378\"><span class=\"gb-icon\"><svg viewbox=\"0 0 511.998 511.998\" xmlns=\"http:\/\/www.w3.org\/2000\/svg\"><path d=\"M504.502 246.627c-1.128-1.41-28.128-34.914-71.893-68.747-25.848-19.982-52.232-35.935-78.416-47.417-31.827-13.956-63.466-21.306-94.114-21.908a149.364 149.364 0 00-4.079-.059c-1.364 0-2.723.022-4.078.059-30.648.601-62.287 7.951-94.114 21.908-26.185 11.481-52.568 27.435-78.416 47.417C35.627 211.713 8.628 245.218 7.5 246.627L0 255.999l7.498 9.372c1.128 1.41 28.128 34.914 71.893 68.747 25.848 19.982 52.232 35.935 78.416 47.417 31.828 13.956 63.466 21.306 94.114 21.908 1.355.037 2.714.059 4.078.059s2.723-.022 4.078-.059c30.648-.601 62.287-7.951 94.114-21.908 26.185-11.481 52.568-27.435 78.416-47.417 43.765-33.833 70.765-67.337 71.893-68.747l7.498-9.372-7.496-9.372zm-374.277 86.347c-11.789-7.311-22.516-14.914-31.927-22.164-27.683-21.327-48.526-42.902-59.261-54.811 10.736-11.91 31.578-33.484 59.261-54.811 9.411-7.251 20.137-14.853 31.927-22.164-13.774 22.422-21.727 48.786-21.727 76.975s7.955 54.553 21.727 76.975zm129.372 40.463c-1.198.025-2.395.06-3.597.06s-2.399-.036-3.597-.06c-63.13-1.909-113.9-53.853-113.9-117.438s50.77-115.529 113.9-117.438c1.198-.025 2.395-.06 3.597-.06s2.399.036 3.597.06c63.13 1.908 113.9 53.853 113.9 117.438s-50.77 115.528-113.9 117.438zm154.104-62.627c-9.411 7.251-20.136 14.853-31.927 22.164 13.774-22.422 21.727-48.786 21.727-76.975 0-28.188-7.954-54.553-21.727-76.975 11.789 7.312 22.515 14.914 31.927 22.164 27.683 21.327 48.525 42.9 59.261 54.811-10.736 11.911-31.578 33.484-59.261 54.811z\"><\/path><path d=\"M256 170.685c-47.042 0-85.314 38.272-85.314 85.314s38.272 85.314 85.314 85.314 85.314-38.272 85.314-85.314-38.272-85.314-85.314-85.314zm0 140.624c-30.498 0-55.31-24.812-55.31-55.31s24.812-55.31 55.31-55.31 55.31 24.812 55.31 55.31-24.812 55.31-55.31 55.31z\"><\/path><\/svg><\/span><span class=\"gb-headline-text\">Visi\u00f3n<\/span><\/h4>\n\n<\/div><\/div><\/div>\n\n<div class=\"gb-grid-column gb-grid-column-76152e9a\"><div class=\"gb-container gb-container-76152e9a\"><div class=\"gb-inside-container\">\n\n<p class=\"gb-headline gb-headline-bdd004d3 gb-headline-text\">Ofrecer la mejor experiencia de juego, gracias a una tecnolog\u00eda de vanguardia que permite jugar en todo tipo de dispositivos: m\u00f3vil, tableta y ordenador.<\/p>\n\n<\/div><\/div><\/div>\n\n<div class=\"gb-grid-column gb-grid-column-c025cceb\"><div class=\"gb-container gb-container-c025cceb\"><div class=\"gb-inside-container\">\n\n<h4 class=\"gb-headline gb-headline-54d3b7b4\"><span class=\"gb-icon\"><svg xmlns=\"http:\/\/www.w3.org\/2000\/svg\" viewbox=\"0 0 64 64\"><path d=\"M11.052 33.048c-.018-.35-.052-.7-.052-1.048 0-10.084 6.998-18.515 16.625-20.531L24.333 9l1.696-1.272C15.091 10.434 7 20.416 7 32c0 .722.041 1.445.103 2.165a10.878 10.878 0 013.949-1.117zM13 52.941V44h-2v8.941c.329.037.662.059 1 .059s.671-.022 1-.059zM9 54.574V58c0 .551.449 1 1 1h4c.551 0 1-.449 1-1v-3.426c-.955.271-1.959.426-3 .426s-2.045-.155-3-.426zM39 25h2v16h-2z\"><\/path><path d=\"M33 10.995l1.099.109C44.874 12.173 53 21.157 53 32c0 3.152-.715 6.24-2.061 9.054.349-.034.703-.054 1.061-.054 1.091 0 2.144.165 3.139.462A24.808 24.808 0 0057 32C57 19.007 46.864 8.057 33.925 7.073L33 7.002V5l-5.334 4L33 13zM31 29h2v12h-2z\"><\/path><path d=\"M32 51h9.051c.395-4.355 3.339-7.976 7.324-9.373A18.966 18.966 0 0051 32c0-9.438-6.804-17.319-16-18.766V17l-5.154-3.866C20.219 14.217 13 22.256 13 32c0 .35.033.701.052 1.053A10.997 10.997 0 0121 37.695V31h6v10h2V27h6v14h2V23h6v20H22.949c.03.33.051.662.051 1 0 1.501-.304 2.931-.85 4.236A18.893 18.893 0 0032 51z\"><\/path><path d=\"M23 33h2v8h-2z\"><\/path><circle r=\"2\" cy=\"49\" cx=\"52\"><\/circle><path d=\"M52 43c-4.962 0-9 4.038-9 9 0 2.274.855 4.348 2.251 5.934l.137-1.096a6.672 6.672 0 013.67-5.15A3.97 3.97 0 0148 49c0-2.206 1.794-4 4-4s4 1.794 4 4a3.97 3.97 0 01-1.057 2.687 6.674 6.674 0 013.67 5.15l.137 1.096A8.954 8.954 0 0061 52c0-4.962-4.038-9-9-9zM15 52.475c3.49-1.24 6-4.565 6-8.475 0-4.962-4.038-9-9-9s-9 4.038-9 9c0 3.909 2.51 7.235 6 8.475v-6.659A2.966 2.966 0 018 46c-1.654 0-3-1.346-3-3s1.346-3 3-3c1.302 0 2.402.839 2.816 2h2.369a2.996 2.996 0 012.816-2c1.654 0 3 1.346 3 3s-1.346 3-3 3c-.352 0-.686-.072-1-.184v6.659z\"><\/path><path d=\"M52 53a4.671 4.671 0 00-4.628 4.085l-.304 2.434C48.486 60.453 50.179 61 52 61s3.514-.547 4.932-1.481l-.304-2.434A4.671 4.671 0 0052 53z\"><\/path><circle r=\"1\" cy=\"43\" cx=\"16\"><\/circle><path d=\"M32 53a20.9 20.9 0 01-10.794-2.997 11.065 11.065 0 01-2.831 2.945A24.786 24.786 0 0032 57h10.214a10.92 10.92 0 01-1.164-4z\"><\/path><circle r=\"1\" cy=\"43\" cx=\"8\"><\/circle><\/svg><\/span><span class=\"gb-headline-text\">Juegos<\/span><\/h4>\n\n<\/div><\/div><\/div>\n\n<div class=\"gb-grid-column gb-grid-column-a9c2da7f\"><div class=\"gb-container gb-container-a9c2da7f\"><div class=\"gb-inside-container\">\n\n<p class=\"gb-headline gb-headline-dd6bbd15 gb-headline-text\">Desarrollar la inteligencia artificial para crear juegos de cartas cada vez m\u00e1s emocionantes que puedan jugarse en solitario o con amigos.<\/p>\n\n<\/div><\/div><\/div>\n<\/div>\n<\/div><\/div>\n<\/div><\/div>\n\n<div class=\"gb-container gb-container-bf9fbe9f\"><div class=\"gb-inside-container\">\n<div class=\"gb-container gb-container-4b458e7b\"><div class=\"gb-inside-container\">\n\n<h2 class=\"gb-headline gb-headline-da857073 icon-reversed\" id=\"jeux\"><span class=\"gb-icon\"><svg viewbox=\"0 0 218.28 17.62\" xmlns=\"http:\/\/www.w3.org\/2000\/svg\" data-name=\"Capa 1\"><path d=\"M0 0h217.92v17.62H0z\"><\/path><\/svg><\/span><span class=\"gb-headline-text\">Nuestros juegos<\/span><\/h2>\n\n\n<div class=\"gb-grid-wrapper gb-grid-wrapper-7238ccdc\">\n<div class=\"gb-grid-column gb-grid-column-13d0524f\"><div class=\"gb-container gb-container-13d0524f\"><div class=\"gb-inside-container\">\n<div class=\"gb-container gb-container-dd8424ec\"><div class=\"gb-inside-container\"><\/div><\/div>\n\n<div class=\"gb-container gb-container-b92f6c57\"><div class=\"gb-inside-container\">\n\n<h4 class=\"gb-headline gb-headline-670b3629 gb-headline-text\">Yahtzee<\/h4>\n\n\n\n<p class=\"gb-headline gb-headline-b32fbf8b gb-headline-text\">Jugar Yahtzee o Yams 5 o 6 dados con o sin comod\u00edn.<\/p>\n\n\n<div class=\"gb-button-wrapper gb-button-wrapper-4d0711c9\">\n\n<a class=\"gb-button gb-button-abf6f2c5 gb-button-text\" href=\"https:\/\/www.32cardgames.com\/es\/yahtzee\/\">jugar<\/a>\n\n<\/div>\n<\/div><\/div>\n<\/div><\/div><\/div>\n\n<div class=\"gb-grid-column gb-grid-column-914e4231\"><div class=\"gb-container gb-container-914e4231\"><div class=\"gb-inside-container\">\n<div class=\"gb-container gb-container-e5b09c97\"><div class=\"gb-inside-container\"><\/div><\/div>\n\n<div class=\"gb-container gb-container-405d09c7\"><div class=\"gb-inside-container\">\n\n<h4 class=\"gb-headline gb-headline-a40e389d gb-headline-text\">Rami<\/h4>\n\n\n\n<p class=\"gb-headline gb-headline-450c5f7a gb-headline-text\">Juega al rummy 30 o 51 con muchas otras opciones.<\/p>\n\n\n<div class=\"gb-button-wrapper gb-button-wrapper-d982f797\">\n\n<a class=\"gb-button gb-button-1dfb80f3 gb-button-text\" href=\"https:\/\/www.32cardgames.com\/es\/rami\/\">Jugar<\/a>\n\n<\/div>\n<\/div><\/div>\n<\/div><\/div><\/div>\n\n<div class=\"gb-grid-column gb-grid-column-22700866\"><div class=\"gb-container gb-container-22700866\"><div class=\"gb-inside-container\">\n<div class=\"gb-container gb-container-4b68c7c7\"><div class=\"gb-inside-container\"><\/div><\/div>\n\n<div class=\"gb-container gb-container-0778e48a\"><div class=\"gb-inside-container\">\n\n<h4 class=\"gb-headline gb-headline-565804fc gb-headline-text\">Domin\u00f3<\/h4>\n\n\n\n<p class=\"gb-headline gb-headline-422e89b7 gb-headline-text\">Juega al domin\u00f3 y elige entre 3 modos de juego.<\/p>\n\n\n<div class=\"gb-button-wrapper gb-button-wrapper-733e7db5\">\n\n<a class=\"gb-button gb-button-e0b4f2b6 gb-button-text\" href=\"https:\/\/www.32cardgames.com\/es\/dominos\/\">Jugar<\/a>\n\n<\/div>\n<\/div><\/div>\n<\/div><\/div><\/div>\n\n<div class=\"gb-grid-column gb-grid-column-8825e873\"><div class=\"gb-container gb-container-8825e873\"><div class=\"gb-inside-container\">\n<div class=\"gb-container gb-container-ddedadf4\"><div class=\"gb-inside-container\"><\/div><\/div>\n\n<div class=\"gb-container gb-container-e8321ce1\"><div class=\"gb-inside-container\">\n\n<h4 class=\"gb-headline gb-headline-7d12dcf2 gb-headline-text\">Belote<\/h4>\n\n\n\n<p class=\"gb-headline gb-headline-93a93936 gb-headline-text\">Juega al pinacle contra nuestra IA o contra jugadores humanos.<\/p>\n\n\n<div class=\"gb-button-wrapper gb-button-wrapper-4c966cca\">\n\n<a class=\"gb-button gb-button-fe56df04 gb-button-text\" href=\"https:\/\/www.32cardgames.com\/es\/belote\/\">Jugar<\/a>\n\n<\/div>\n<\/div><\/div>\n<\/div><\/div><\/div>\n\n<div class=\"gb-grid-column gb-grid-column-93c36eb0\"><div class=\"gb-container gb-container-93c36eb0\"><div class=\"gb-inside-container\">\n<div class=\"gb-container gb-container-b90fcf2b\"><div class=\"gb-inside-container\"><\/div><\/div>\n\n<div class=\"gb-container gb-container-ec6e8f4c\"><div class=\"gb-inside-container\">\n\n<h4 class=\"gb-headline gb-headline-582840a8 gb-headline-text\">Tarot<\/h4>\n\n\n\n<p class=\"gb-headline gb-headline-3f08f73c gb-headline-text\">Juega al tarot cl\u00e1sico o al tarot con las reglas FFT.<\/p>\n\n\n<div class=\"gb-button-wrapper gb-button-wrapper-b150fa83\">\n\n<a class=\"gb-button gb-button-2541e55d gb-button-text\" href=\"https:\/\/www.32cardgames.com\/es\/tarot\/\">JUGAR<\/a>\n\n<\/div>\n<\/div><\/div>\n<\/div><\/div><\/div>\n\n<div class=\"gb-grid-column gb-grid-column-243e369f\"><div class=\"gb-container gb-container-243e369f\"><div class=\"gb-inside-container\">\n<div class=\"gb-container gb-container-c09298c2\"><div class=\"gb-inside-container\"><\/div><\/div>\n\n<div class=\"gb-container gb-container-eb018cd5\"><div class=\"gb-inside-container\">\n\n<h4 class=\"gb-headline gb-headline-65eea431 gb-headline-text\">Coinche<\/h4>\n\n\n\n<p class=\"gb-headline gb-headline-fd1e92a4 gb-headline-text\">Juega coinche o contr\u00e9e con o sin triunfo.<\/p>\n\n\n<div class=\"gb-button-wrapper gb-button-wrapper-ad47bc3a\">\n\n<a class=\"gb-button gb-button-68a7b267 gb-button-text\" href=\"https:\/\/www.32cardgames.com\/es\/belote\/\">Jugar<\/a>\n\n<\/div>\n<\/div><\/div>\n<\/div><\/div><\/div>\n<\/div>\n<\/div><\/div>\n<\/div><\/div>\n\n<div class=\"gb-container gb-container-82ac601b\"><div class=\"gb-inside-container\">\n<div class=\"gb-container gb-container-5f2f65aa\"><div class=\"gb-inside-container\">\n\n<h6 class=\"gb-headline gb-headline-40f1fdbe gb-headline-text\">\u00bfA\u00fan no se ha registrado?<\/h6>\n\n\n\n<h2 class=\"gb-headline gb-headline-21c55af7 gb-headline-text\">\u00bfPor qu\u00e9 jugar en 32 Juegos de Cartas?<\/h2>\n\n\n\n<p class=\"gb-headline gb-headline-74551c6d gb-headline-text\">Si todav\u00eda est\u00e1s dudando en registrarte en 32Cardgames, no esperes m\u00e1s y \u00fanete a nuestra comunidad de jugadores apasionados.<\/p>\n\n\n<div class=\"gb-grid-wrapper gb-grid-wrapper-40ade07d\">\n<div class=\"gb-grid-column gb-grid-column-57a43d13\"><div class=\"gb-container gb-container-57a43d13\"><div class=\"gb-inside-container\">\n\n<h4 class=\"gb-headline gb-headline-e8d6b8bf\"><span class=\"gb-icon\"><svg viewbox=\"0 0 576 512\" xmlns=\"http:\/\/www.w3.org\/2000\/svg\"><path d=\"M287.9 0C297.1 0 305.5 5.25 309.5 13.52L378.1 154.8L531.4 177.5C540.4 178.8 547.8 185.1 550.7 193.7C553.5 202.4 551.2 211.9 544.8 218.2L433.6 328.4L459.9 483.9C461.4 492.9 457.7 502.1 450.2 507.4C442.8 512.7 432.1 513.4 424.9 509.1L287.9 435.9L150.1 509.1C142.9 513.4 133.1 512.7 125.6 507.4C118.2 502.1 114.5 492.9 115.1 483.9L142.2 328.4L31.11 218.2C24.65 211.9 22.36 202.4 25.2 193.7C28.03 185.1 35.5 178.8 44.49 177.5L197.7 154.8L266.3 13.52C270.4 5.249 278.7 0 287.9 0L287.9 0zM287.9 78.95L235.4 187.2C231.9 194.3 225.1 199.3 217.3 200.5L98.98 217.9L184.9 303C190.4 308.5 192.9 316.4 191.6 324.1L171.4 443.7L276.6 387.5C283.7 383.7 292.2 383.7 299.2 387.5L404.4 443.7L384.2 324.1C382.9 316.4 385.5 308.5 391 303L476.9 217.9L358.6 200.5C350.7 199.3 343.9 194.3 340.5 187.2L287.9 78.95z\"><\/path><\/svg><\/span><span class=\"gb-headline-text\">Juego 24 horas<\/span><\/h4>\n\n\n\n<p class=\"has-text-align-center\">Nuestros juegos y modos de juego te garantizan miles de partidas multijugador a cualquier hora del d\u00eda o de la noche.<\/p>\n\n<\/div><\/div><\/div>\n\n<div class=\"gb-grid-column gb-grid-column-c1b7137e\"><div class=\"gb-container gb-container-c1b7137e\"><div class=\"gb-inside-container\">\n\n<h4 class=\"gb-headline gb-headline-4145c454\"><span class=\"gb-icon\"><svg viewbox=\"0 0 384 512\" xmlns=\"http:\/\/www.w3.org\/2000\/svg\"><path d=\"M16 64C16 28.7 44.7 0 80 0H304c35.3 0 64 28.7 64 64V448c0 35.3-28.7 64-64 64H80c-35.3 0-64-28.7-64-64V64zM224 448c0-17.7-14.3-32-32-32s-32 14.3-32 32s14.3 32 32 32s32-14.3 32-32zM304 64H80V384H304V64z\"><\/path><\/svg><\/span><span class=\"gb-headline-text\">Juegos para m\u00f3viles<\/span><\/h4>\n\n\n\n<p class=\"has-text-align-center\">Puedes jugar desde la comodidad de tu sof\u00e1 en tu smartphone o en tu ordenador de sobremesa.<\/p>\n\n<\/div><\/div><\/div>\n\n<div class=\"gb-grid-column gb-grid-column-984fa77c\"><div class=\"gb-container gb-container-984fa77c\"><div class=\"gb-inside-container\">\n\n<h4 class=\"gb-headline gb-headline-eb2ca6f2\"><span class=\"gb-icon\"><svg viewbox=\"0 0 512 512\" xmlns=\"http:\/\/www.w3.org\/2000\/svg\"><path d=\"M428.1 242.3C418.1 252.2 403.2 260.4 386.2 267C352.1 280.2 306.1 288 255.1 288C205.9 288 159.9 280.2 125.8 267C108.8 260.4 93.92 252.2 83.04 242.3C72.15 232.3 63.1 219.4 63.1 204C63.1 188.6 72.15 175.7 83.04 165.7C93.92 155.8 108.8 147.6 125.8 140.1C159.9 127.8 205.9 120 255.1 120C306.1 120 352.1 127.8 386.2 140.1C403.2 147.6 418.1 155.8 428.1 165.7C439.8 175.7 448 188.6 448 204C448 219.4 439.8 232.3 428.1 242.3V242.3zM137.3 170.8C122.5 176.6 111.6 183 104.6 189.3C97.7 195.7 96 200.6 96 204C96 207.4 97.7 212.3 104.6 218.7C111.6 224.1 122.5 231.4 137.3 237.2C166.9 248.6 208.9 256 256 256C303.1 256 345.1 248.6 374.7 237.2C389.5 231.4 400.4 224.1 407.4 218.7C414.3 212.3 416 207.4 416 204C416 200.6 414.3 195.7 407.4 189.3C400.4 183 389.5 176.6 374.7 170.8C345.1 159.4 303.1 152 256 152C208.9 152 166.9 159.4 137.3 170.8zM0 208C0 128.5 114.6 64 256 64C397.4 64 512 128.5 512 208V320C512 390.7 397.4 448 256 448C114.6 448 0 390.7 0 320V208zM421.3 281.9C463 258.5 480 231.1 480 208C480 184.9 463 157.5 421.3 134.1C380.6 111.2 322.2 95.1 256 95.1C189.8 95.1 131.4 111.2 90.67 134.1C48.96 157.5 32 184.9 32 207.1C32 231.1 48.96 258.5 90.67 281.9C131.4 304.8 189.8 319.1 256 319.1C322.2 319.1 380.6 304.8 421.3 281.9V281.9zM176 409.2C196 412.7 217.5 414.1 240 415.7V351.7C217.8 350.1 196.3 348.6 176 344.8V409.2zM144 337.5C126.8 332.8 110.8 327.1 96 320.4V385.1C110.2 391.7 126.3 397.4 144 402.1V337.5zM32 320C32 332.9 40.51 349.9 64 366.8V303.2C51.78 295.5 41.03 286.9 32 277.8V320zM272 351.7V415.7C294.5 414.1 315.1 412.7 336 409.2V344.8C315.7 348.6 294.2 350.1 272 351.7V351.7zM480 277.8C470.1 286.9 460.2 295.5 448 303.2V366.8C471.5 349.9 480 332.9 480 320V277.8zM368 402.1C385.7 397.4 401.8 391.7 416 385.1V320.4C401.3 327.1 385.2 332.8 368 337.5V402.1z\"><\/path><\/svg><\/span><span class=\"gb-headline-text\">Juego gratuito<\/span><\/h4>\n\n\n\n<p class=\"has-text-align-center\">S\u00f3lo tienes que registrarte y podr\u00e1s jugar gratis a todos los juegos de la plataforma.<\/p>\n\n<\/div><\/div><\/div>\n<\/div>\n<\/div><\/div>\n<\/div><\/div>\n\n<div class=\"gb-container gb-container-6fbbf9ac\"><div class=\"gb-inside-container\">\n<div class=\"gb-container gb-container-a5a5d191\"><div class=\"gb-inside-container\">\n\n<h2 class=\"gb-headline gb-headline-7417df22 gb-headline-text\">\u00danete a la comunidad 32CardGames<\/h2>\n\n\n<div class=\"gb-container gb-container-720b08f1\"><div class=\"gb-inside-container\">\n\n<p class=\"gb-headline gb-headline-5e3e5e0d gb-headline-text\">\u00danete a m\u00e1s de 100.000 apasionados jugadores y comparte momentos \u00fanicos. \u00a1Juega, intercambia y simplemente divi\u00e9rtete!<\/p>\n\n\n<div class=\"gb-button-wrapper gb-button-wrapper-87939679\">\n\n<a class=\"gb-button gb-button-3602307f gb-button-text rounded-icon\" href=\"https:\/\/www.32cardgames.com\/es\/yahtzee\/\">Inscr\u00edbete en<\/a>\n\n<\/div>\n<\/div><\/div>\n<\/div><\/div>\n<\/div><\/div>","protected":false},"excerpt":{"rendered":"<p>Venez affronter des centaines D&rsquo;ADVERSAIRES SUR VOS JEUX PR\u00c9F\u00c9R\u00c9S ! Inscription en quelques clics ! La r\u00e9volution 32 Card Games Nos Jeux Pas encore inscrit ? Pourquoi jouer sur 32 Card Games ? Vous h\u00e9sitez encore \u00e0 vous inscrire sur 32Cardgames, n&rsquo;attendez plus pour rejoindre notre communaut\u00e9 de joueurs passionn\u00e9s. Rejoignez la communaut\u00e9 32CardGames Rejoignez &#8230; <a title=\"Accueil\" class=\"read-more\" href=\"https:\/\/www.32cardgames.com\/es\/\" aria-label=\"Leer m\u00e1s sobre Accueil\">Leer m\u00e1s<\/a><\/p>","protected":false},"author":1,"featured_media":0,"parent":0,"menu_order":0,"comment_status":"closed","ping_status":"closed","template":"","meta":{"_seopress_robots_primary_cat":"","_seopress_titles_title":"32CardGames : plus qu&#039;un site de jeux de cartes","_seopress_titles_desc":"Vous voulez jouer en solo ou entre ami(e)s \u00e0 des jeux en ligne ? 32 Card Games vous propose ses 6 nouveaux jeux disponible sur tous les terminaux.","_seopress_robots_index":"","footnotes":""},"class_list":["post-8","page","type-page","status-publish"],"_links":{"self":[{"href":"https:\/\/www.32cardgames.com\/es\/wp-json\/wp\/v2\/pages\/8","targetHints":{"allow":["GET"]}}],"collection":[{"href":"https:\/\/www.32cardgames.com\/es\/wp-json\/wp\/v2\/pages"}],"about":[{"href":"https:\/\/www.32cardgames.com\/es\/wp-json\/wp\/v2\/types\/page"}],"author":[{"embeddable":true,"href":"https:\/\/www.32cardgames.com\/es\/wp-json\/wp\/v2\/users\/1"}],"replies":[{"embeddable":true,"href":"https:\/\/www.32cardgames.com\/es\/wp-json\/wp\/v2\/comments?post=8"}],"version-history":[{"count":26,"href":"https:\/\/www.32cardgames.com\/es\/wp-json\/wp\/v2\/pages\/8\/revisions"}],"predecessor-version":[{"id":120,"href":"https:\/\/www.32cardgames.com\/es\/wp-json\/wp\/v2\/pages\/8\/revisions\/120"}],"wp:attachment":[{"href":"https:\/\/www.32cardgames.com\/es\/wp-json\/wp\/v2\/media?parent=8"}],"curies":[{"name":"wp","href":"https:\/\/api.w.org\/{rel}","templated":true}]}}